{"id":2162,"date":"2021-12-20T16:54:28","date_gmt":"2021-12-20T16:54:28","guid":{"rendered":"https:\/\/kopint-tarki.hu\/en\/?page_id=2162"},"modified":"2026-03-05T08:27:40","modified_gmt":"2026-03-05T08:27:40","slug":"cikkek-mediamegjelenesek-2","status":"publish","type":"page","link":"https:\/\/kopint-tarki.hu\/en\/cikkek-mediamegjelenesek-2\/","title":{"rendered":"Articles and media"},"content":{"rendered":"\n<div class=\"wp-block-columns news-cont is-layout-flex wp-container-core-columns-is-layout-9d6595d7 wp-block-columns-is-layout-flex\">\n<div class=\"wp-block-column is-layout-flow wp-block-column-is-layout-flow\">\n<h4 class=\"wp-block-heading has-text-align-center has-text-color\" style=\"color:#010066\">Published articles<\/h4>\n\n\n\n<p>Krokovay, N\u00f3ra (2021): <a href=\"https:\/\/www.eurofound.europa.eu\/publications\/article\/2021\/policy-responses-from-governments-and-social-partners-to-the-covid-19-pandemic\">Policy responses from governments and social partners to the COVID-19 pandemic.<\/a> Eurofound<\/p>\n\n\n\n<p>Katalin Nagy-\u00c9va Pal\u00f3cz (eds) (2020): <a href=\"https:\/\/www.parlament.hu\/documents\/126660\/4390328\/Koltsegvetesi_Tanacs_2020_EN_c%C3%ADmlappal.pdf\/a03eb577-7a89-4b64-020f-8fd18bd50c80?t=1609757105429\" target=\"_blank\" rel=\"noreferrer noopener\">Short-term effects of the COVID epidemic on the international and Hungarian Economy<\/a>. In: National economy and public finances in the time of coronavirus pandemic. Analyses prepared for the Fiscal Council of Hungary in 2020. Published by the Hungarian Economic Association. pp. 99-106.<\/p>\n\n\n\n<p><\/p>\n<\/div>\n\n\n\n<div class=\"wp-block-column is-layout-flow wp-block-column-is-layout-flow\">\n<h4 class=\"wp-block-heading has-text-align-center has-text-color\" style=\"color:#010066\">Media, conferences<\/h4>\n\n\n\n<p>4-5 October 2024. \u00c1gnes H\u00e1rs and N\u00f3ra Krokovay presented KOPINT-T\u00e1rki as a new member at the 16th annual conference of the Trade Union Related Research Institutes (TURI) network, in Athens.<\/p>\n\n\n\n<p>7 June 2024. P\u00e9ter Vakhal presented a paper at the EUROFRAME conference organised by the Kiel Institute for the World Economy (IfW) titled &#8220;<a href=\"https:\/\/www.euroframe.org\/euroframe-conference-june-2024.html\" data-type=\"link\" data-id=\"https:\/\/www.euroframe.org\/euroframe-conference-june-2024.html\">Economic Policies amid increasing Geopolitical Fragmentation<\/a>&#8220;.<\/p>\n\n\n\n<p>16 May 2024 \u00c9va Pal\u00f3cz attended the 12th annual NERI Labour-Market Conference in Dublin and presented in the panel &#8216;<a href=\"https:\/\/www.nerinstitute.net\/sites\/default\/files\/2024-05\/Panel%20Discussion%20PDF%20Christine%20Aumayr%20Pintar%20Eurofound%20presentation%20May%2024.pdf\" data-type=\"link\" data-id=\"https:\/\/www.nerinstitute.net\/sites\/default\/files\/2024-05\/Panel%20Discussion%20PDF%20Christine%20Aumayr%20Pintar%20Eurofound%20presentation%20May%2024.pdf\">Promoting Adequate Minimum Wages and Collective Bargaining<\/a>&#8216;.<\/p>\n\n\n\n<p>19 September 2023. Nora Krokovay presented &#8216;Eurofound Policy Watch: Cushioning the impact of inflation for citizens &#038; workers and role of collective bargaining &#8211; the case of Hungary&#8217; at the <a href=\"https:\/\/www.dur.ac.uk\/business\/media\/durham-university-business-school\/about-us\/departments\/management-and-marketing\/IREC2023-18-20-09-23.pdf\" data-type=\"link\" data-id=\"https:\/\/www.dur.ac.uk\/business\/media\/durham-university-business-school\/about-us\/departments\/management-and-marketing\/IREC2023-18-20-09-23.pdf\">IREC Conference<\/a> in Durham, UK.<\/p>\n\n\n\n<p>7 June 2022. P\u00e9ter Vakhal presented his paper &#8216;The evolution of Global Value Chains in the CEE region&#8217; at the 2nd Visegrad conference in Budapest.<\/p>\n\n\n\n<p>10 December 2021. P\u00e9ter Vakhal presented his paper &#8216;Accounting global value chains in official statistics&#8217; at the conference Global Value Chains and Multinational Corporations in Budapest.<\/p>\n\n\n\n<p>14 December 2019. P\u00e9ter Vakhal presented the paper &#8216;Accounting Global Value Chains and competitiveness: a challenge for official statistics&#8217; at the <a href=\"http:\/\/eiba2019.eiba.org\/wp-content\/uploads\/sites\/50\/2021\/04\/Detailed-Programme-with-Abstracts.pdf\" target=\"_blank\" rel=\"noreferrer noopener\">45th Annual Conference of EIBA<\/a> in Leeds, UK.<\/p>\n<\/div>\n<\/div>\n\n\n\n<p><\/p>\n","protected":false},"excerpt":{"rendered":"<p>Published articles Krokovay, N\u00f3ra (2021): Policy responses from governments and social partners to the COVID-19 pandemic. Eurofound Katalin Nagy-\u00c9va Pal\u00f3cz (eds) (2020): Short-term effects of the COVID epidemic on the international and Hungarian Economy. In: National economy and public finances in the time of coronavirus pandemic. Analyses prepared for the Fiscal Council of Hungary in [&hellip;]<\/p>\n","protected":false},"author":9,"featured_media":0,"parent":0,"menu_order":0,"comment_status":"closed","ping_status":"closed","template":"","meta":{"_acf_changed":false,"_coblocks_attr":"","_coblocks_dimensions":"","_coblocks_responsive_height":"","_coblocks_accordion_ie_support":"","footnotes":""},"class_list":["post-2162","page","type-page","status-publish","hentry"],"acf":[],"_links":{"self":[{"href":"https:\/\/kopint-tarki.hu\/en\/wp-json\/wp\/v2\/pages\/2162","targetHints":{"allow":["GET"]}}],"collection":[{"href":"https:\/\/kopint-tarki.hu\/en\/wp-json\/wp\/v2\/pages"}],"about":[{"href":"https:\/\/kopint-tarki.hu\/en\/wp-json\/wp\/v2\/types\/page"}],"author":[{"embeddable":true,"href":"https:\/\/kopint-tarki.hu\/en\/wp-json\/wp\/v2\/users\/9"}],"replies":[{"embeddable":true,"href":"https:\/\/kopint-tarki.hu\/en\/wp-json\/wp\/v2\/comments?post=2162"}],"version-history":[{"count":99,"href":"https:\/\/kopint-tarki.hu\/en\/wp-json\/wp\/v2\/pages\/2162\/revisions"}],"predecessor-version":[{"id":4217,"href":"https:\/\/kopint-tarki.hu\/en\/wp-json\/wp\/v2\/pages\/2162\/revisions\/4217"}],"wp:attachment":[{"href":"https:\/\/kopint-tarki.hu\/en\/wp-json\/wp\/v2\/media?parent=2162"}],"curies":[{"name":"wp","href":"https:\/\/api.w.org\/{rel}","templated":true}]}}