{"id":231,"date":"2021-01-06T01:58:16","date_gmt":"2021-01-06T01:58:16","guid":{"rendered":"https:\/\/kopint-tarki.hu\/?page_id=231"},"modified":"2024-11-14T16:27:10","modified_gmt":"2024-11-14T16:27:10","slug":"igazgatosag","status":"publish","type":"page","link":"https:\/\/kopint-tarki.hu\/en\/igazgatosag\/","title":{"rendered":"Board of Directors"},"content":{"rendered":"\n<h5 class=\"wp-block-heading has-text-align-center\"><strong>Mr. Tam\u00e1s Kolosi<\/strong>, Chairperson of the Board <\/h5>\n\n\n\n<h5 class=\"wp-block-heading has-text-align-center\"><strong>Ms. Katalin Nagy<\/strong>, Member of the Board<\/h5>\n\n\n\n<h5 class=\"wp-block-heading has-text-align-center\"><strong>Ms. \u00c9va Pal\u00f3cz<\/strong>, Member of the Board<\/h5>\n","protected":false},"excerpt":{"rendered":"<p>Mr. Tam\u00e1s Kolosi, Chairperson of the Board Ms. Katalin Nagy, Member of the Board Ms. \u00c9va Pal\u00f3cz, Member of the Board<\/p>\n","protected":false},"author":2,"featured_media":0,"parent":0,"menu_order":0,"comment_status":"closed","ping_status":"closed","template":"","meta":{"_acf_changed":false,"_coblocks_attr":"","_coblocks_dimensions":"","_coblocks_responsive_height":"","_coblocks_accordion_ie_support":"","footnotes":""},"class_list":["post-231","page","type-page","status-publish","hentry"],"acf":[],"_links":{"self":[{"href":"https:\/\/kopint-tarki.hu\/en\/wp-json\/wp\/v2\/pages\/231","targetHints":{"allow":["GET"]}}],"collection":[{"href":"https:\/\/kopint-tarki.hu\/en\/wp-json\/wp\/v2\/pages"}],"about":[{"href":"https:\/\/kopint-tarki.hu\/en\/wp-json\/wp\/v2\/types\/page"}],"author":[{"embeddable":true,"href":"https:\/\/kopint-tarki.hu\/en\/wp-json\/wp\/v2\/users\/2"}],"replies":[{"embeddable":true,"href":"https:\/\/kopint-tarki.hu\/en\/wp-json\/wp\/v2\/comments?post=231"}],"version-history":[{"count":14,"href":"https:\/\/kopint-tarki.hu\/en\/wp-json\/wp\/v2\/pages\/231\/revisions"}],"predecessor-version":[{"id":3516,"href":"https:\/\/kopint-tarki.hu\/en\/wp-json\/wp\/v2\/pages\/231\/revisions\/3516"}],"wp:attachment":[{"href":"https:\/\/kopint-tarki.hu\/en\/wp-json\/wp\/v2\/media?parent=231"}],"curies":[{"name":"wp","href":"https:\/\/api.w.org\/{rel}","templated":true}]}}