{"id":235,"date":"2021-01-06T01:59:43","date_gmt":"2021-01-06T01:59:43","guid":{"rendered":"https:\/\/kopint-tarki.hu\/?page_id=235"},"modified":"2021-03-24T11:57:15","modified_gmt":"2021-03-24T11:57:15","slug":"karrier","status":"publish","type":"page","link":"https:\/\/kopint-tarki.hu\/en\/karrier\/","title":{"rendered":"Karrier"},"content":{"rendered":"\n<p class=\"has-text-color\" style=\"color:#002433\">Jelenleg nincs bet\u00f6ltetlen kutat\u00f3i poz\u00edci\u00f3 a Kopint-T\u00e1rki Zrt.-ben.<\/p>\n\n\n\n<p class=\"has-text-color\" style=\"color:#002433\"><br>\u00d6r\u00f6mmel vessz\u00fck azonban ambici\u00f3zus di\u00e1kok, gyakornokok jelentkez\u00e9s\u00e9t, akik \u00e9rdekl\u0151dnek a kutat\u00f3i p\u00e1lya ir\u00e1nt \u00e9s sz\u00edvesen r\u00e9szt venn\u00e9nek a munk\u00e1nkban.<\/p>\n\n\n\n<p class=\"has-text-color\" style=\"color:#002433\"><br>Az angol nyelv fels\u0151fok\u00fa ismerete sz\u00fcks\u00e9ges.<\/p>\n","protected":false},"excerpt":{"rendered":"<p>Jelenleg nincs bet\u00f6ltetlen kutat\u00f3i poz\u00edci\u00f3 a Kopint-T\u00e1rki Zrt.-ben. \u00d6r\u00f6mmel vessz\u00fck azonban ambici\u00f3zus di\u00e1kok, gyakornokok jelentkez\u00e9s\u00e9t, akik \u00e9rdekl\u0151dnek a kutat\u00f3i p\u00e1lya ir\u00e1nt \u00e9s sz\u00edvesen r\u00e9szt venn\u00e9nek a munk\u00e1nkban. Az angol nyelv fels\u0151fok\u00fa ismerete sz\u00fcks\u00e9ges.<\/p>\n","protected":false},"author":2,"featured_media":0,"parent":0,"menu_order":0,"comment_status":"closed","ping_status":"closed","template":"","meta":{"_acf_changed":false,"_coblocks_attr":"","_coblocks_dimensions":"","_coblocks_responsive_height":"","_coblocks_accordion_ie_support":"","footnotes":""},"class_list":["post-235","page","type-page","status-publish","hentry"],"acf":[],"_links":{"self":[{"href":"https:\/\/kopint-tarki.hu\/en\/wp-json\/wp\/v2\/pages\/235","targetHints":{"allow":["GET"]}}],"collection":[{"href":"https:\/\/kopint-tarki.hu\/en\/wp-json\/wp\/v2\/pages"}],"about":[{"href":"https:\/\/kopint-tarki.hu\/en\/wp-json\/wp\/v2\/types\/page"}],"author":[{"embeddable":true,"href":"https:\/\/kopint-tarki.hu\/en\/wp-json\/wp\/v2\/users\/2"}],"replies":[{"embeddable":true,"href":"https:\/\/kopint-tarki.hu\/en\/wp-json\/wp\/v2\/comments?post=235"}],"version-history":[{"count":0,"href":"https:\/\/kopint-tarki.hu\/en\/wp-json\/wp\/v2\/pages\/235\/revisions"}],"wp:attachment":[{"href":"https:\/\/kopint-tarki.hu\/en\/wp-json\/wp\/v2\/media?parent=235"}],"curies":[{"name":"wp","href":"https:\/\/api.w.org\/{rel}","templated":true}]}}