{"id":637,"date":"2021-03-08T12:41:54","date_gmt":"2021-03-08T12:41:54","guid":{"rendered":"https:\/\/kopint-tarki.hu\/?page_id=637"},"modified":"2026-01-15T10:22:48","modified_gmt":"2026-01-15T10:22:48","slug":"konjunkturajelentes","status":"publish","type":"page","link":"https:\/\/kopint-tarki.hu\/en\/konjunkturajelentes\/","title":{"rendered":"Economic Trends in Eastern Europe"},"content":{"rendered":"\n<p id=\"block-1a0951c5-5a5f-4c59-b523-aca6bf80cbc3\">KOPINT-T\u00c1RKI\u2019s&nbsp;flagship English-language economic report, Economic Trends&nbsp;in&nbsp;Eastern Europe&nbsp;has&nbsp;been&nbsp;published&nbsp;regularly for decades,&nbsp;three times a year. It provides&nbsp;a comprehensive economic analysis&nbsp;on Hungary and Central and Eastern Europe in the context of the European and global economy.<\/p>\n\n\n\n<p id=\"block-62621fdf-d499-401f-a41a-7ced964e92d7\">The first part of the report&nbsp;gives an overview of global economic developments, while the second part&nbsp;focuses on&nbsp;trends in&nbsp;Central and Eastern Europe.&nbsp;The&nbsp;third&nbsp;part examines the state and short-term prospects of the Hungarian economy. The analysis focuses on changes in GDP, components on&nbsp;the expenditure&nbsp;side (consumption, accumulation, exports and imports) and the production side (agriculture, industry, construction and services), labour market and unemployment, fiscal, monetary and financial market developments (including inflation, credit market and interest rates as well as balance of payments). The report provides a detailed and comprehensive short-term forecast for all economic factors and components.<\/p>\n\n\n\n<p id=\"block-47df937c-1126-41de-9d36-dcdbe72c803b\">The report assesses the economic indicators in Central and Eastern Europe and Hungary critically, but in a balanced and objective way.&nbsp;<\/p>\n\n\n\n<h5 class=\"wp-block-heading\" id=\"block-fd0fce5d-144b-47c2-ac2f-620be57dfba0\"><strong>Subscription Information&nbsp;<\/strong><\/h5>\n\n\n\n<p id=\"block-85339a59-525a-4c40-884a-0b25000f7ac0\">For a hard-copy subscription please inquire at&nbsp;<a href=\"mailto:erika.rozsas@kopint-tarki.hu\">erika.rozsas@kopint-tarki.hu<\/a>.<\/p>\n\n\n\n<p><\/p>\n\n\n\n<h5 class=\"wp-block-heading\"><strong>Details<\/strong><\/h5>\n\n\n\n<div class=\"wp-block-columns is-layout-flex wp-container-core-columns-is-layout-9d6595d7 wp-block-columns-is-layout-flex\">\n<div class=\"wp-block-column is-layout-flow wp-block-column-is-layout-flow\" style=\"flex-basis:100%\">\n<hr class=\"wp-block-separator has-css-opacity\"\/>\n\n\n\n<p><strong>Client:<\/strong> Subscribers<\/p>\n\n\n\n<hr class=\"wp-block-separator has-css-opacity\"\/>\n\n\n\n<p><strong><strong>Duration<\/strong>:<\/strong> Since 1990, 3 times a year<\/p>\n\n\n\n<hr class=\"wp-block-separator has-css-opacity\"\/>\n\n\n\n<p><strong><strong><strong>Project leader<\/strong><\/strong>s:<\/strong> Katalin Nagy, \u00c9va Pal\u00f3cz<\/p>\n\n\n\n<hr class=\"wp-block-separator has-css-opacity\"\/>\n\n\n\n<p><strong>Participants:<\/strong> Katalin Nagy, \u00c9va Pal\u00f3cz, Bog\u00f3 Roz\u00e1lia Jehoda, \u00c1gnes H\u00e1rs, N\u00f3ra Krokovay, Zolt\u00e1n Matheika, Katalin Nagy, G\u00e1bor Oblath, P\u00e9ter Vakhal and occasionally other participants<\/p>\n\n\n\n<hr class=\"wp-block-separator has-css-opacity\"\/>\n\n\n\n<p><strong>Pdf download: <\/strong><\/p>\n\n\n\n<div class=\"wp-block-columns is-layout-flex wp-container-core-columns-is-layout-9d6595d7 wp-block-columns-is-layout-flex\">\n<div class=\"wp-block-column is-layout-flow wp-block-column-is-layout-flow\" style=\"flex-basis:100%\">\n<p><a href=\"https:\/\/kopint-tarki.hu\/wp-content\/uploads\/2025\/05\/Economic-Trends_2025_1.pdf\" data-type=\"link\" data-id=\"https:\/\/kopint-tarki.hu\/wp-content\/uploads\/2025\/05\/Economic-Trends_2025_1.pdf\">2025\/1<\/a>; <a href=\"https:\/\/kopint-tarki.hu\/wp-content\/uploads\/2025\/09\/Economic-Trends_2025_2.pdf\" data-type=\"link\" data-id=\"https:\/\/kopint-tarki.hu\/wp-content\/uploads\/2025\/09\/Economic-Trends_2025_2.pdf\">2025\/2;<\/a><br><a href=\"https:\/\/kopint-tarki.hu\/wp-content\/uploads\/2024\/05\/Economic-Trends-2024_1.pdf\" data-type=\"link\" data-id=\"https:\/\/kopint-tarki.hu\/wp-content\/uploads\/2024\/05\/Economic-Trends-2024_1.pdf\">2024\/1<\/a>; <a href=\"https:\/\/kopint-tarki.hu\/wp-content\/uploads\/2024\/08\/Economic-Trends-2024_2.pdf\" data-type=\"link\" data-id=\"https:\/\/kopint-tarki.hu\/wp-content\/uploads\/2024\/08\/Economic-Trends-2024_2.pdf\">2024\/2<\/a>; <a href=\"https:\/\/kopint-tarki.hu\/wp-content\/uploads\/2025\/01\/Economic-Trends_2024_3_corr.pdf\">2024\/3<\/a>;<br><a href=\"https:\/\/kopint-tarki.hu\/wp-content\/uploads\/2023\/07\/ET_2023_1.pdf\" target=\"_blank\" rel=\"noreferrer noopener\">2023\/1;<\/a> <a href=\"https:\/\/kopint-tarki.hu\/wp-content\/uploads\/2023\/08\/Economic-Trends_2023_2.pdf\" target=\"_blank\" rel=\"noreferrer noopener\">2023\/2<\/a>; <a href=\"https:\/\/kopint-tarki.hu\/wp-content\/uploads\/2023\/11\/ET_2023_3_.pdf\">2023\/3<\/a>;<br><a href=\"https:\/\/kopint-tarki.hu\/wp-content\/uploads\/2022\/06\/ET_2022_1.pdf\" target=\"_blank\" rel=\"noreferrer noopener\">2022\/1<\/a>; <a href=\"https:\/\/kopint-tarki.hu\/wp-content\/uploads\/2022\/10\/Economic-Trends_2022_2.pdf\" target=\"_blank\" rel=\"noreferrer noopener\">2022\/2<\/a>; <a href=\"https:\/\/kopint-tarki.hu\/wp-content\/uploads\/2023\/03\/ET_2022_3.pdf\" target=\"_blank\" rel=\"noreferrer noopener\">2022\/3<\/a>;<br><a href=\"https:\/\/kopint-tarki.hu\/wp-content\/uploads\/2021\/07\/Economic-Trends_2021_01.pdf\">2021\/1<\/a>; <a href=\"https:\/\/kopint-tarki.hu\/wp-content\/uploads\/2021\/10\/ET_2021_2.pdf\">2021\/2<\/a>; <a href=\"https:\/\/kopint-tarki.hu\/wp-content\/uploads\/2021\/12\/ET_2021_3.pdf\">2021\/3<\/a>; <br><a href=\"https:\/\/kopint-tarki.hu\/wp-content\/uploads\/2022\/10\/ET_2001.pdf\" target=\"_blank\" rel=\"noreferrer noopener\">2020\/1<\/a>; <a href=\"https:\/\/kopint-tarki.hu\/wp-content\/uploads\/2022\/10\/ET_2002.pdf\" target=\"_blank\" rel=\"noreferrer noopener\">2020\/2<\/a><a href=\"https:\/\/kopint-tarki.hu\/wp-content\/uploads\/2020\/12\/Konjunkturajelentes_2020_1_.pdf\">;<\/a> <a href=\"https:\/\/kopint-tarki.hu\/wp-content\/uploads\/2020\/12\/Konjunkturajelentes_2020_4.pdf\"><\/a><a href=\"https:\/\/kopint-tarki.hu\/wp-content\/uploads\/2022\/10\/ET_2020_3.pdf\" target=\"_blank\" rel=\"noreferrer noopener\">2020\/3<\/a><a href=\"https:\/\/kopint-tarki.hu\/wp-content\/uploads\/2020\/12\/Konjunkturajelentes_2020_2_.pdf\">;<\/a> <br><a href=\"https:\/\/kopint-tarki.hu\/wp-content\/uploads\/2022\/10\/ET_1901.pdf\" target=\"_blank\" rel=\"noreferrer noopener\">2019\/1<\/a>; <a href=\"https:\/\/kopint-tarki.hu\/wp-content\/uploads\/2022\/10\/ET_1902.pdf\" target=\"_blank\" rel=\"noreferrer noopener\">2019\/2<\/a><a href=\"https:\/\/kopint-tarki.hu\/wp-content\/uploads\/2020\/12\/Konjunktura_2019_1.pdf\">;<\/a> <a href=\"https:\/\/kopint-tarki.hu\/wp-content\/uploads\/2022\/10\/ET_1903.pdf\" target=\"_blank\" rel=\"noreferrer noopener\">2019\/3<\/a><a href=\"https:\/\/kopint-tarki.hu\/wp-content\/uploads\/2020\/12\/Konjunktura_2019_02.pdf\">;<\/a> <br><a href=\"https:\/\/kopint-tarki.hu\/wp-content\/uploads\/2022\/10\/ET_1801.pdf\" target=\"_blank\" rel=\"noreferrer noopener\">2018\/1<\/a>; <a href=\"https:\/\/kopint-tarki.hu\/wp-content\/uploads\/2020\/12\/Konjunktura_2018_4.pdf\"><\/a><a href=\"https:\/\/kopint-tarki.hu\/wp-content\/uploads\/2022\/10\/ET_1802.pdf\" target=\"_blank\" rel=\"noreferrer noopener\">2018\/2<\/a><a href=\"https:\/\/kopint-tarki.hu\/wp-content\/uploads\/2020\/12\/Konjuktura_2018_1.pdf\">;<\/a> <a href=\"https:\/\/kopint-tarki.hu\/wp-content\/uploads\/2022\/10\/ET_1803.pdf\" target=\"_blank\" rel=\"noreferrer noopener\">2018\/3<\/a><a href=\"https:\/\/kopint-tarki.hu\/wp-content\/uploads\/2020\/12\/Konjuktura_2018_2.pdf\">;<\/a><br><a href=\"https:\/\/kopint-tarki.hu\/wp-content\/uploads\/2023\/07\/ET_2023_1.pdf\" target=\"_blank\" rel=\"noreferrer noopener\">2023\/1;<\/a> <a href=\"https:\/\/kopint-tarki.hu\/wp-content\/uploads\/2023\/08\/Economic-Trends_2023_2.pdf\" target=\"_blank\" rel=\"noreferrer noopener\">2023\/2<\/a>; <a href=\"https:\/\/kopint-tarki.hu\/wp-content\/uploads\/2023\/11\/ET_2023_3_.pdf\">2023\/3<\/a><br><a href=\"https:\/\/kopint-tarki.hu\/wp-content\/uploads\/2022\/06\/ET_2022_1.pdf\" target=\"_blank\" rel=\"noreferrer noopener\">2022\/1<\/a>; <a href=\"https:\/\/kopint-tarki.hu\/wp-content\/uploads\/2022\/10\/Economic-Trends_2022_2.pdf\" target=\"_blank\" rel=\"noreferrer noopener\">2022\/2<\/a>; <a href=\"https:\/\/kopint-tarki.hu\/wp-content\/uploads\/2023\/03\/ET_2022_3.pdf\" target=\"_blank\" rel=\"noreferrer noopener\">2022\/3<\/a>;<br><a href=\"https:\/\/kopint-tarki.hu\/wp-content\/uploads\/2021\/07\/Economic-Trends_2021_01.pdf\">2021\/1<\/a>; <a href=\"https:\/\/kopint-tarki.hu\/wp-content\/uploads\/2021\/10\/ET_2021_2.pdf\">2021\/2<\/a>; <a href=\"https:\/\/kopint-tarki.hu\/wp-content\/uploads\/2021\/12\/ET_2021_3.pdf\">2021\/3<\/a>; <br><a href=\"https:\/\/kopint-tarki.hu\/wp-content\/uploads\/2022\/10\/ET_2001.pdf\" target=\"_blank\" rel=\"noreferrer noopener\">2020\/1<\/a>; <a href=\"https:\/\/kopint-tarki.hu\/wp-content\/uploads\/2022\/10\/ET_2002.pdf\" target=\"_blank\" rel=\"noreferrer noopener\">2020\/2<\/a><a href=\"https:\/\/kopint-tarki.hu\/wp-content\/uploads\/2020\/12\/Konjunkturajelentes_2020_1_.pdf\">;<\/a> <a href=\"https:\/\/kopint-tarki.hu\/wp-content\/uploads\/2020\/12\/Konjunkturajelentes_2020_4.pdf\"><\/a><a href=\"https:\/\/kopint-tarki.hu\/wp-content\/uploads\/2022\/10\/ET_2020_3.pdf\" target=\"_blank\" rel=\"noreferrer noopener\">2020\/3<\/a><a href=\"https:\/\/kopint-tarki.hu\/wp-content\/uploads\/2020\/12\/Konjunkturajelentes_2020_2_.pdf\">;<\/a> <br><a href=\"https:\/\/kopint-tarki.hu\/wp-content\/uploads\/2022\/10\/ET_1901.pdf\" target=\"_blank\" rel=\"noreferrer noopener\">2019\/1<\/a>; <a href=\"https:\/\/kopint-tarki.hu\/wp-content\/uploads\/2022\/10\/ET_1902.pdf\" target=\"_blank\" rel=\"noreferrer noopener\">2019\/2<\/a><a href=\"https:\/\/kopint-tarki.hu\/wp-content\/uploads\/2020\/12\/Konjunktura_2019_1.pdf\">;<\/a> <a href=\"https:\/\/kopint-tarki.hu\/wp-content\/uploads\/2022\/10\/ET_1903.pdf\" target=\"_blank\" rel=\"noreferrer noopener\">2019\/3<\/a><a href=\"https:\/\/kopint-tarki.hu\/wp-content\/uploads\/2020\/12\/Konjunktura_2019_02.pdf\">;<\/a> <br><a href=\"https:\/\/kopint-tarki.hu\/wp-content\/uploads\/2022\/10\/ET_1801.pdf\" target=\"_blank\" rel=\"noreferrer noopener\">2018\/1<\/a>; <a href=\"https:\/\/kopint-tarki.hu\/wp-content\/uploads\/2020\/12\/Konjunktura_2018_4.pdf\"><\/a><a href=\"https:\/\/kopint-tarki.hu\/wp-content\/uploads\/2022\/10\/ET_1802.pdf\" target=\"_blank\" rel=\"noreferrer noopener\">2018\/2<\/a><a href=\"https:\/\/kopint-tarki.hu\/wp-content\/uploads\/2020\/12\/Konjuktura_2018_1.pdf\">;<\/a> <a href=\"https:\/\/kopint-tarki.hu\/wp-content\/uploads\/2022\/10\/ET_1803.pdf\" target=\"_blank\" rel=\"noreferrer noopener\">2018\/3<\/a><a href=\"https:\/\/kopint-tarki.hu\/wp-content\/uploads\/2020\/12\/Konjuktura_2018_2.pdf\">;<\/a><\/p>\n<\/div>\n<\/div>\n\n\n\n<div style=\"height:100px\" aria-hidden=\"true\" class=\"wp-block-spacer\"><\/div>\n<\/div>\n<\/div>\n\n\n\n<p id=\"block-66711c2f-ea0b-4816-826a-e5363d886efd\">&nbsp;<\/p>\n","protected":false},"excerpt":{"rendered":"<p>KOPINT-T\u00c1RKI\u2019s&nbsp;flagship English-language economic report, Economic Trends&nbsp;in&nbsp;Eastern Europe&nbsp;has&nbsp;been&nbsp;published&nbsp;regularly for decades,&nbsp;three times a year. It provides&nbsp;a comprehensive economic analysis&nbsp;on Hungary and Central and Eastern Europe in the context of the European and global economy. The first part of the report&nbsp;gives an overview of global economic developments, while the second part&nbsp;focuses on&nbsp;trends in&nbsp;Central and Eastern Europe.&nbsp;The&nbsp;third&nbsp;part examines the [&hellip;]<\/p>\n","protected":false},"author":2,"featured_media":0,"parent":0,"menu_order":0,"comment_status":"closed","ping_status":"closed","template":"","meta":{"_acf_changed":false,"_coblocks_attr":"","_coblocks_dimensions":"","_coblocks_responsive_height":"","_coblocks_accordion_ie_support":"","footnotes":""},"class_list":["post-637","page","type-page","status-publish","hentry"],"acf":[],"_links":{"self":[{"href":"https:\/\/kopint-tarki.hu\/en\/wp-json\/wp\/v2\/pages\/637","targetHints":{"allow":["GET"]}}],"collection":[{"href":"https:\/\/kopint-tarki.hu\/en\/wp-json\/wp\/v2\/pages"}],"about":[{"href":"https:\/\/kopint-tarki.hu\/en\/wp-json\/wp\/v2\/types\/page"}],"author":[{"embeddable":true,"href":"https:\/\/kopint-tarki.hu\/en\/wp-json\/wp\/v2\/users\/2"}],"replies":[{"embeddable":true,"href":"https:\/\/kopint-tarki.hu\/en\/wp-json\/wp\/v2\/comments?post=637"}],"version-history":[{"count":69,"href":"https:\/\/kopint-tarki.hu\/en\/wp-json\/wp\/v2\/pages\/637\/revisions"}],"predecessor-version":[{"id":4135,"href":"https:\/\/kopint-tarki.hu\/en\/wp-json\/wp\/v2\/pages\/637\/revisions\/4135"}],"wp:attachment":[{"href":"https:\/\/kopint-tarki.hu\/en\/wp-json\/wp\/v2\/media?parent=637"}],"curies":[{"name":"wp","href":"https:\/\/api.w.org\/{rel}","templated":true}]}}