{"id":785,"date":"2021-03-26T14:47:38","date_gmt":"2021-03-26T14:47:38","guid":{"rendered":"https:\/\/kopint-tarki.hu\/?page_id=785"},"modified":"2025-09-18T12:29:51","modified_gmt":"2025-09-18T12:29:51","slug":"muhelytanulmanyok","status":"publish","type":"page","link":"https:\/\/kopint-tarki.hu\/en\/muhelytanulmanyok\/","title":{"rendered":"Discussion papers"},"content":{"rendered":"\n<h2 class=\"publication-m-title wp-block-heading\"><a href=\"https:\/\/kopint-tarki.hu\/wp-content\/uploads\/2021\/06\/2021_discussion_papers_Nr.75.pdf\" target=\"_blank\" rel=\"noreferrer noopener\">No. 75, Roz\u00e1lia Bog\u00f3, P\u00e9ter Vakhal (2021): Analysis ot the surveys of the AGE-GAP project<\/a><\/h2>\n\n\n\n<h2 class=\"publication-m-title wp-block-heading\"><a rel=\"noreferrer noopener\" href=\"https:\/\/kopint-tarki.hu\/wp-content\/uploads\/2021\/06\/2020_discussion_papers_Nr.74.pdf\" target=\"_blank\">No. 74, \u00c9va Pal\u00f3cz, Tam\u00e1s Gebei, P\u00e9ter Vakhal, Zolt\u00e1n Matheika (2020): Study on Factors influencing Hungarian Companies\u2019 innovation capacity<\/a><\/h2>\n\n\n\n<h2 class=\"publication-m-title wp-block-heading\"><a rel=\"noreferrer noopener\" href=\"https:\/\/kopint-tarki.hu\/wp-content\/uploads\/2021\/01\/2017_muhelytanulmany_Nr.73.pdf\" data-type=\"URL\" data-id=\"https:\/\/kopint-tarki.hu\/wp-content\/uploads\/2021\/01\/2017_muhelytanulmany_Nr.73.pdf\" target=\"_blank\">No. 73, Katalin Nagy, N\u00f3ra Serf\u0151z\u0151 (2017): Differences of economic development and ways of cooperation in the Slovak-Hungarian cross border region<\/a><\/h2>\n\n\n\n<h2 class=\"publication-m-title wp-block-heading\"><a href=\"https:\/\/kopint-tarki.hu\/wp-content\/uploads\/2021\/01\/2016_muhelytanulmany_Nr.72.pdf\" data-type=\"URL\" data-id=\"https:\/\/kopint-tarki.hu\/wp-content\/uploads\/2021\/01\/2016_muhelytanulmany_Nr.72.pdf\" target=\"_blank\" rel=\"noreferrer noopener\">No. 72, Ant\u00f3nia H\u00fcttl, \u00c1gnes Nagy (2016): Organisational capital and hospital performance in Hungary<\/a><\/h2>\n\n\n\n<h2 class=\"publication-m-title wp-block-heading\"><a href=\"https:\/\/kopint-tarki.hu\/wp-content\/uploads\/2021\/01\/2016_muhelytanulmany_Nr.71.pdf\" data-type=\"URL\" data-id=\"https:\/\/kopint-tarki.hu\/wp-content\/uploads\/2021\/01\/2016_muhelytanulmany_Nr.71.pdf\" target=\"_blank\" rel=\"noreferrer noopener\">No. 71, \u00c9va Pal\u00f3cz, Zolt\u00e1n Matheika, P\u00e9ter Vakhal (2016): Structural changes in public expenditures in the European Union since 2008 \u2013 with special regard to new member states<\/a><\/h2>\n\n\n\n<h2 class=\"publication-m-title wp-block-heading\"><a href=\"https:\/\/kopint-tarki.hu\/en\/muhelytanulmanyok\/\" data-type=\"URL\" data-id=\"https:\/\/kopint-tarki.hu\/en\/muhelytanulmanyok\/\" target=\"_blank\" rel=\"noreferrer noopener\">No. 70, Zolt\u00e1n \u00c1d\u00e1m (2016): The fight against unemployment &#8211; the case of Hungary<\/a><\/h2>\n\n\n\n<h2 class=\"publication-m-title wp-block-heading\"><a href=\"https:\/\/kopint-tarki.hu\/wp-content\/uploads\/2021\/01\/2005_muhelytanulmany_Nr.69.pdf\" data-type=\"URL\" data-id=\"https:\/\/kopint-tarki.hu\/wp-content\/uploads\/2021\/01\/2005_muhelytanulmany_Nr.69.pdf\" target=\"_blank\" rel=\"noreferrer noopener\">No. 69, Katalin Nagy (2005): Thoughts on Hungarian industrial policy\u2013adaptation and pathfinding<\/a><\/h2>\n\n\n\n<h2 class=\"publication-m-title wp-block-heading\"><a href=\"https:\/\/kopint-tarki.hu\/wp-content\/uploads\/2021\/01\/2005_muhelytanulmany_Nr.68.pdf\" data-type=\"URL\" data-id=\"https:\/\/kopint-tarki.hu\/wp-content\/uploads\/2021\/01\/2005_muhelytanulmany_Nr.68.pdf\" target=\"_blank\" rel=\"noreferrer noopener\">No. 68, \u00c9va Pal\u00f3cz (2005): Business services in Hungary<\/a><\/h2>\n\n\n\n<h2 class=\"publication-m-title wp-block-heading\"><a href=\"https:\/\/kopint-tarki.hu\/wp-content\/uploads\/2021\/01\/2004_muhelytanulmany_Nr.67.pdf\" data-type=\"URL\" data-id=\"https:\/\/kopint-tarki.hu\/wp-content\/uploads\/2021\/01\/2004_muhelytanulmany_Nr.67.pdf\" target=\"_blank\" rel=\"noreferrer noopener\">No. 67, Andr\u00e1s K\u00f6ves (2004): Russian economic growth and development &#8211; some new and old dilemmas<\/a><\/h2>\n\n\n\n<h2 class=\"publication-m-title wp-block-heading\"><a href=\"https:\/\/kopint-tarki.hu\/wp-content\/uploads\/2021\/01\/2004_muhelytanulmany_Nr.66.pdf\" data-type=\"URL\" data-id=\"https:\/\/kopint-tarki.hu\/wp-content\/uploads\/2021\/01\/2004_muhelytanulmany_Nr.66.pdf\" target=\"_blank\" rel=\"noreferrer noopener\">No. 66, Zolt\u00e1n \u00c1kos Kov\u00e1cs (2004): Is there any convergence in trade structures following EU accession? Some trade related aspects of enlargement<\/a><\/h2>\n\n\n\n<h2 class=\"publication-m-title wp-block-heading\"><a href=\"https:\/\/kopint-tarki.hu\/wp-content\/uploads\/2021\/01\/2004_muhelytanulmany_Nr.65.pdf\" data-type=\"URL\" data-id=\"https:\/\/kopint-tarki.hu\/wp-content\/uploads\/2021\/01\/2004_muhelytanulmany_Nr.65.pdf\" target=\"_blank\" rel=\"noreferrer noopener\">No. 65, Judit Hamar (2004): Productivity gap and restructuring &#8211; mapping the technology structure of branch plants and technology integration of CEECs<\/a><\/h2>\n\n\n\n<h2 class=\"publication-m-title wp-block-heading\"><a href=\"https:\/\/kopint-tarki.hu\/wp-content\/uploads\/2021\/01\/2004_muhelytanulmany_Nr.64.pdf\" data-type=\"URL\" data-id=\"https:\/\/kopint-tarki.hu\/wp-content\/uploads\/2021\/01\/2004_muhelytanulmany_Nr.64.pdf\" target=\"_blank\" rel=\"noreferrer noopener\">No. 64, Andr\u00e1s K\u00f6ves (2004): Perspectives for economic cooperation between Russia and the countries of Central and Eastern Europe in the light of the enlargement of the European Union<\/a><\/h2>\n\n\n\n<h2 class=\"publication-m-title wp-block-heading\"><a href=\"https:\/\/kopint-tarki.hu\/wp-content\/uploads\/2021\/01\/2001_muhelytanulmany_Nr.63.pdf\" data-type=\"URL\" data-id=\"https:\/\/kopint-tarki.hu\/wp-content\/uploads\/2021\/01\/2001_muhelytanulmany_Nr.63.pdf\" target=\"_blank\" rel=\"noreferrer noopener\">No. 63, Judit Hamar (2001): Dual economy, the role of the MNC-s in Hungary and the EU-accession<\/a><\/h2>\n\n\n\n<h2 class=\"publication-m-title wp-block-heading\"><a href=\"https:\/\/kopint-tarki.hu\/wp-content\/uploads\/2021\/01\/2000_muhelytanulmany_Nr.62.pdf\" data-type=\"URL\" data-id=\"https:\/\/kopint-tarki.hu\/wp-content\/uploads\/2021\/01\/2000_muhelytanulmany_Nr.62.pdf\" target=\"_blank\" rel=\"noreferrer noopener\">No. 62, Tam\u00e1s R\u00e9ti (2000): Role of regional integration initiatives in trade liberalisation of transition economies<\/a><\/h2>\n\n\n\n<h2 class=\"publication-m-title wp-block-heading\"><a href=\"https:\/\/kopint-tarki.hu\/wp-content\/uploads\/2021\/01\/2000_muhelytanulmany_Nr.61.pdf\" data-type=\"URL\" data-id=\"https:\/\/kopint-tarki.hu\/wp-content\/uploads\/2021\/01\/2000_muhelytanulmany_Nr.61.pdf\" target=\"_blank\" rel=\"noreferrer noopener\">No. 61, Andr\u00e1s K\u00f6ves (2000): Some aspects of medium-term development in Central and Eastern Europe<\/a><\/h2>\n\n\n\n<h2 class=\"publication-m-title wp-block-heading\"><a href=\"https:\/\/kopint-tarki.hu\/wp-content\/uploads\/2021\/01\/2000_muhelytanulmany_Nr.60.pdf\" data-type=\"URL\" data-id=\"https:\/\/kopint-tarki.hu\/wp-content\/uploads\/2021\/01\/2000_muhelytanulmany_Nr.60.pdf\" target=\"_blank\" rel=\"noreferrer noopener\">No. 60, J\u00e1nos G\u00e1cs (2000): Alternative scenarios for Hungary\u2019s accession and macroeconomic development<\/a><\/h2>\n\n\n\n<h2 class=\"publication-m-title wp-block-heading\"><a href=\"https:\/\/kopint-tarki.hu\/wp-content\/uploads\/2021\/01\/1999_muhelytanulmany_Nr.59.pdf\" data-type=\"URL\" data-id=\"https:\/\/kopint-tarki.hu\/wp-content\/uploads\/2021\/01\/1999_muhelytanulmany_Nr.59.pdf\" target=\"_blank\" rel=\"noreferrer noopener\">No. 59, Judit Hamar (1999): Regional effects of FDI-inflows in Hungary<\/a><\/h2>\n\n\n\n<!--nextpage-->\n\n\n\n<h2 class=\"publication-m-title wp-block-heading\"><a href=\"https:\/\/kopint-tarki.hu\/wp-content\/uploads\/2021\/01\/1999_muhelytanulmany_Nr.58.pdf\" data-type=\"URL\" data-id=\"https:\/\/kopint-tarki.hu\/wp-content\/uploads\/2021\/01\/1999_muhelytanulmany_Nr.58.pdf\" target=\"_blank\" rel=\"noreferrer noopener\">No. 58, G\u00e1bor Oblath, Andr\u00e1s Sebesty\u00e9n (1999): Interpreting and measuring seigniorage: Hungary&#8217;s case<\/a><\/h2>\n\n\n\n<h2 class=\"publication-m-title wp-block-heading\"><a href=\"https:\/\/kopint-tarki.hu\/wp-content\/uploads\/2021\/01\/1998_muhelytanulmany_Nr.57.pdf\" data-type=\"URL\" data-id=\"https:\/\/kopint-tarki.hu\/wp-content\/uploads\/2021\/01\/1998_muhelytanulmany_Nr.57.pdf\" target=\"_blank\" rel=\"noreferrer noopener\">No. 57, L\u00e1szl\u00f3 Csaba (1998): Transformation as a subject of economic theory<\/a><\/h2>\n\n\n\n<h2 class=\"publication-m-title wp-block-heading\"><a rel=\"noreferrer noopener\" href=\"https:\/\/kopint-tarki.hu\/wp-content\/uploads\/2021\/01\/1998_muhelytanulmany_Nr.56.pdf\" data-type=\"URL\" data-id=\"https:\/\/kopint-tarki.hu\/wp-content\/uploads\/2021\/01\/1998_muhelytanulmany_Nr.56.pdf\" target=\"_blank\">No. 56, \u00c1gnes H\u00e1rs (1998): Labour migration and the Eastern enlargement of the European Union &#8211; lessons from the Hungarian experiences<\/a><\/h2>\n\n\n\n<h2 class=\"publication-m-title wp-block-heading\"><a href=\"https:\/\/kopint-tarki.hu\/wp-content\/uploads\/2021\/01\/1998_muhelytanulmany_Nr.55.pdf\" data-type=\"URL\" data-id=\"https:\/\/kopint-tarki.hu\/wp-content\/uploads\/2021\/01\/1998_muhelytanulmany_Nr.55.pdf\" target=\"_blank\" rel=\"noreferrer noopener\">No. 55, Julius Horv\u00e1th (1998): Currency crisis in the Czech Republic in May 1997<\/a><\/h2>\n\n\n\n<h2 class=\"publication-m-title wp-block-heading\"><a rel=\"noreferrer noopener\" href=\"https:\/\/kopint-tarki.hu\/wp-content\/uploads\/2021\/01\/1998_muhelytanulmany_Nr.54.pdf\" data-type=\"URL\" data-id=\"https:\/\/kopint-tarki.hu\/wp-content\/uploads\/2021\/01\/1998_muhelytanulmany_Nr.54.pdf\" target=\"_blank\">No. 54, L\u00e1szl\u00f3 Csaba, Andr\u00e1s K\u00f6ves, G\u00e1bor Oblath, Iv\u00e1n Schweitzer, L\u00e1szl\u00f3 Szamuely (1998): Summary report of a Kopint-Datorg project: maturity and tasks of Hungarian industry in the context of accession to the EU<\/a><\/h2>\n\n\n\n<h2 class=\"publication-m-title wp-block-heading\"><a href=\"https:\/\/kopint-tarki.hu\/wp-content\/uploads\/2021\/01\/1998_muhelytanulmany_Nr.51_53.pdf\" data-type=\"URL\" data-id=\"https:\/\/kopint-tarki.hu\/wp-content\/uploads\/2021\/01\/1998_muhelytanulmany_Nr.51_53.pdf\" target=\"_blank\" rel=\"noreferrer noopener\">No. 51-53, L\u00e1szl\u00f3 Csaba, Andr\u00e1s K\u00f6ves, G\u00e1bor Oblath, Iv\u00e1n Schweitzer, L\u00e1szl\u00f3 Szamuely (1998): Short-term prospects for the international economy<\/a><\/h2>\n\n\n\n<h2 class=\"publication-m-title wp-block-heading\"><a href=\"https:\/\/kopint-tarki.hu\/wp-content\/uploads\/2021\/01\/1998_muhelytanulmany_Nr.50.pdf\" data-type=\"URL\" data-id=\"https:\/\/kopint-tarki.hu\/wp-content\/uploads\/2021\/01\/1998_muhelytanulmany_Nr.50.pdf\" target=\"_blank\" rel=\"noreferrer noopener\">No. 50, Katharina M\u00fcller (1998): The &#8220;new pension orthodoxy&#8221; and beyond: transforming old age security in Central Europe<\/a><\/h2>\n\n\n\n<h2 class=\"publication-m-title wp-block-heading\"><a href=\"https:\/\/kopint-tarki.hu\/wp-content\/uploads\/2021\/01\/1997_muhelytanulmany_Nr.49.pdf\" data-type=\"URL\" data-id=\"https:\/\/kopint-tarki.hu\/wp-content\/uploads\/2021\/01\/1997_muhelytanulmany_Nr.49.pdf\" target=\"_blank\" rel=\"noreferrer noopener\">No. 49, G\u00e1bor Oblath (1997): Capital inflows to Hungary in 1995-1996, composition, effects and policy responses<\/a><\/h2>\n\n\n\n<h2 class=\"publication-m-title wp-block-heading\"><a href=\"https:\/\/kopint-tarki.hu\/wp-content\/uploads\/2021\/01\/1997_muhelytanulmany_Nr.48.pdf\" data-type=\"URL\" data-id=\"https:\/\/kopint-tarki.hu\/wp-content\/uploads\/2021\/01\/1997_muhelytanulmany_Nr.48.pdf\" target=\"_blank\" rel=\"noreferrer noopener\">No. 48, L\u00e1szl\u00f3 Csaba (1997): Central Europe on the way to EU accession: a state of art report<\/a><\/h2>\n\n\n\n<h2 class=\"publication-m-title wp-block-heading\"><a href=\"https:\/\/kopint-tarki.hu\/wp-content\/uploads\/2021\/01\/1997_muhelytanulmany_Nr.47.pdf\" data-type=\"URL\" data-id=\"https:\/\/kopint-tarki.hu\/wp-content\/uploads\/2021\/01\/1997_muhelytanulmany_Nr.47.pdf\" target=\"_blank\" rel=\"noreferrer noopener\">No. 47, Andr\u00e1s K\u00f6ves (1997): Towards sustainable growth?<\/a><\/h2>\n\n\n\n<h2 class=\"publication-m-title wp-block-heading\"><a href=\"https:\/\/kopint-tarki.hu\/wp-content\/uploads\/2021\/01\/1997_muhelytanulmany_Nr.46.pdf\" data-type=\"URL\" data-id=\"https:\/\/kopint-tarki.hu\/wp-content\/uploads\/2021\/01\/1997_muhelytanulmany_Nr.46.pdf\" target=\"_blank\" rel=\"noreferrer noopener\">No. 46, P\u00e9ter Vince (1997): Privatisation and regulation: restructuring and conflicts in the Hungarian electricity supply industry<\/a><\/h2>\n\n\n\n<h2 class=\"publication-m-title wp-block-heading\"><a href=\"https:\/\/kopint-tarki.hu\/wp-content\/uploads\/2021\/01\/1997_muhelytanulmany_Nr.45.pdf\" data-type=\"URL\" data-id=\"https:\/\/kopint-tarki.hu\/wp-content\/uploads\/2021\/01\/1997_muhelytanulmany_Nr.45.pdf\" target=\"_blank\" rel=\"noreferrer noopener\">No. 45, L\u00e1szl\u00f3 Csaba (1997): An Eastern enlargement of the EU: burden or blessing?<\/a><\/h2>\n\n\n\n<h2 class=\"publication-m-title wp-block-heading\"><a href=\"https:\/\/kopint-tarki.hu\/wp-content\/uploads\/2021\/01\/1997_muhelytanulmany_Nr.44.pdf\" data-type=\"URL\" data-id=\"https:\/\/kopint-tarki.hu\/wp-content\/uploads\/2021\/01\/1997_muhelytanulmany_Nr.44.pdf\" target=\"_blank\" rel=\"noreferrer noopener\">No. 44, L\u00e1szl\u00f3 Szamuely (1997): The social costs of transformation in Central and Eastern Europe<\/a><\/h2>\n\n\n\n<h2 class=\"publication-m-title wp-block-heading\"><a href=\"https:\/\/kopint-tarki.hu\/wp-content\/uploads\/2021\/01\/1996_muhelytanulmany_Nr.43.pdf\" data-type=\"URL\" data-id=\"https:\/\/kopint-tarki.hu\/wp-content\/uploads\/2021\/01\/1996_muhelytanulmany_Nr.43.pdf\" target=\"_blank\" rel=\"noreferrer noopener\">No. 43, L\u00e1szl\u00f3 Csaba (1996): Enlargement of the EU: dynamics and problems<\/a><\/h2>\n\n\n\n<h2 class=\"publication-m-title wp-block-heading\"><a href=\"https:\/\/kopint-tarki.hu\/wp-content\/uploads\/2021\/01\/1996_muhelytanulmany_Nr.42.pdf\" data-type=\"URL\" data-id=\"https:\/\/kopint-tarki.hu\/wp-content\/uploads\/2021\/01\/1996_muhelytanulmany_Nr.42.pdf\" target=\"_blank\" rel=\"noreferrer noopener\">No. 42, Zsuzsa Borsz\u00e9ki (1996): From quotas to hard currency: company views on the post-Soviet barter period at the beginning of the 1990s<\/a><\/h2>\n\n\n\n<!--nextpage-->\n\n\n\n<h2 class=\"publication-m-title wp-block-heading\"><a href=\"https:\/\/kopint-tarki.hu\/wp-content\/uploads\/2021\/01\/1996_muhelytanulmany_Nr.41.pdf\" data-type=\"URL\" data-id=\"https:\/\/kopint-tarki.hu\/wp-content\/uploads\/2021\/01\/1996_muhelytanulmany_Nr.41.pdf\" target=\"_blank\" rel=\"noreferrer noopener\">No. 41, Imre B\u00f3c, M\u00e1ty\u00e1s Klauber (1996): The weight of black trade and black services in the national economy<\/a><\/h2>\n\n\n\n<h2 class=\"publication-m-title wp-block-heading\"><a href=\"https:\/\/kopint-tarki.hu\/wp-content\/uploads\/2021\/01\/1996_muhelytanulmany_Nr.40.pdf\" data-type=\"URL\" data-id=\"https:\/\/kopint-tarki.hu\/wp-content\/uploads\/2021\/01\/1996_muhelytanulmany_Nr.40.pdf\" target=\"_blank\" rel=\"noreferrer noopener\">No. 40, Zolt\u00e1n \u00c1kos Kov\u00e1cs (1996): Recent evidence and prospects for growth in Central-Eastern Europe<\/a><\/h2>\n\n\n\n<h2 class=\"publication-m-title wp-block-heading\"><a href=\"https:\/\/kopint-tarki.hu\/wp-content\/uploads\/2021\/01\/1996_muhelytanulmany_Nr.39.pdf\" data-type=\"URL\" data-id=\"https:\/\/kopint-tarki.hu\/wp-content\/uploads\/2021\/01\/1996_muhelytanulmany_Nr.39.pdf\" target=\"_blank\" rel=\"noreferrer noopener\">No. 39, L\u00e1szl\u00f3 Csaba (1996): Hungary&#8217;s trade policy and trade r\u00e9gime: from neoprotectionism to liberalism or vica versa?<\/a><\/h2>\n\n\n\n<h2 class=\"publication-m-title wp-block-heading\"><a href=\"https:\/\/kopint-tarki.hu\/wp-content\/uploads\/2021\/01\/1996_muhelytanulmany_Nr.38.pdf\" data-type=\"URL\" data-id=\"https:\/\/kopint-tarki.hu\/wp-content\/uploads\/2021\/01\/1996_muhelytanulmany_Nr.38.pdf\" target=\"_blank\" rel=\"noreferrer noopener\">No. 38, L\u00e1szl\u00f3 Csaba (1996): Hungary&#8217;s trade policy between the Uruguay Round and EU accession<\/a><\/h2>\n\n\n\n<h2 class=\"publication-m-title wp-block-heading\"><a href=\"https:\/\/kopint-tarki.hu\/wp-content\/uploads\/2021\/03\/1995_muhelytanulmany_Nr.37.pdf\" data-type=\"URL\" data-id=\"https:\/\/kopint-tarki.hu\/wp-content\/uploads\/2021\/03\/1995_muhelytanulmany_Nr.37.pdf\" target=\"_blank\" rel=\"noreferrer noopener\">No. 37, Thomas Linne (1995): Steps for a monetary integration of the economies in Central and Eastern Europe into the IMS, ERM and EU; Klaus Werner: Structural changes in trade relations between the European Union and Central and Eastern Europe since 1991<\/a><\/h2>\n\n\n\n<h2 class=\"publication-m-title wp-block-heading\"><a href=\"https:\/\/kopint-tarki.hu\/wp-content\/uploads\/2021\/01\/1995_muhelytanulmany_Nr.36.pdf\" data-type=\"URL\" data-id=\"https:\/\/kopint-tarki.hu\/wp-content\/uploads\/2021\/01\/1995_muhelytanulmany_Nr.36.pdf\" target=\"_blank\" rel=\"noreferrer noopener\">No. 36, \u00c1gnes Csermely (1995): Changing trade pattern in Hungary; Zolt\u00e1n \u00c1kos Kov\u00e1cs: Changing patterns of trade between Hungary and the European Community (Union) a retrospective analysis 1989-1994<\/a><\/h2>\n\n\n\n<h2 class=\"publication-m-title wp-block-heading\"><a href=\"https:\/\/kopint-tarki.hu\/wp-content\/uploads\/2021\/01\/1995_muhelytanulmany_Nr.35.pdf\" data-type=\"URL\" data-id=\"https:\/\/kopint-tarki.hu\/wp-content\/uploads\/2021\/01\/1995_muhelytanulmany_Nr.35.pdf\" target=\"_blank\" rel=\"noreferrer noopener\">No. 35, Andr\u00e1s K\u00f6ves (1995): Thesen zur ungarischen Beitrittspolitik und zur Osterweiterung der Europ\u00e4ischen Union; Hubert Gabrisch: Die Haltung der EU gegen\u00fcber Mittel- und Osteuropa nach dem Kopenhagener Gipfel und vor der \u00dcberpr\u00fcfung des Maastricht-Vertrages; Monika Hartmann: Notwendigkeit und Chancen einer Reform der GAP vor dem Hintergrund einer EU-Osterweiterung<\/a><\/h2>\n\n\n\n<h2 class=\"publication-m-title wp-block-heading\"><a href=\"https:\/\/kopint-tarki.hu\/wp-content\/uploads\/2021\/01\/1995_muhelytanulmany_Nr.34.pdf\" data-type=\"URL\" data-id=\"https:\/\/kopint-tarki.hu\/wp-content\/uploads\/2021\/01\/1995_muhelytanulmany_Nr.34.pdf\" target=\"_blank\" rel=\"noreferrer noopener\">No. 34, L\u00e1szl\u00f3 Csaba (1995): The political economy of the reform strategy: China and Eastern Europe compared<\/a><\/h2>\n\n\n\n<h2 class=\"publication-m-title wp-block-heading\"><a href=\"https:\/\/kopint-tarki.hu\/wp-content\/uploads\/2021\/01\/1995_muhelytanulmany_Nr.33.pdf\" data-type=\"URL\" data-id=\"https:\/\/kopint-tarki.hu\/wp-content\/uploads\/2021\/01\/1995_muhelytanulmany_Nr.33.pdf\" target=\"_blank\" rel=\"noreferrer noopener\">No. 33, Giel A. W. Verbeeck (1995): The financial sector in Central and Eastern Europe: three questions and three answers<\/a><\/h2>\n\n\n\n<h2 class=\"publication-m-title wp-block-heading\"><a href=\"https:\/\/kopint-tarki.hu\/wp-content\/uploads\/2021\/01\/1995_muhelytanulmany_Nr.32.pdf\" data-type=\"URL\" data-id=\"https:\/\/kopint-tarki.hu\/wp-content\/uploads\/2021\/01\/1995_muhelytanulmany_Nr.32.pdf\" target=\"_blank\" rel=\"noreferrer noopener\">No. 32, L\u00e1szl\u00f3 Csaba (1995): Privatisation and distribution in Central and Eastern Europe: theory from evidence<\/a><\/h2>\n\n\n\n<h2 class=\"publication-m-title wp-block-heading\"><a href=\"https:\/\/kopint-tarki.hu\/wp-content\/uploads\/2021\/01\/1995_muhelytanulmany_Nr.31.pdf\" data-type=\"URL\" data-id=\"https:\/\/kopint-tarki.hu\/wp-content\/uploads\/2021\/01\/1995_muhelytanulmany_Nr.31.pdf\" target=\"_blank\" rel=\"noreferrer noopener\">No. 31, Judit Hamar (1995): Industrial policy, structure and efficiency in the Hungarian manufacturing industry (transitional crisis and restructuring)<\/a><\/h2>\n\n\n\n<h2 class=\"publication-m-title wp-block-heading\"><a href=\"https:\/\/kopint-tarki.hu\/wp-content\/uploads\/2021\/01\/1995_muhelytanulmany_Nr.30.pdf\" data-type=\"URL\" data-id=\"https:\/\/kopint-tarki.hu\/wp-content\/uploads\/2021\/01\/1995_muhelytanulmany_Nr.30.pdf\" target=\"_blank\" rel=\"noreferrer noopener\">No. 30, G\u00e1bor Oblath (1995): Eastern Europe&#8217;s trade performance on western markets and Eastern Europe as a market for western exports: a review of developments between 1990 and 1993<\/a><\/h2>\n\n\n\n<h2 class=\"publication-m-title wp-block-heading\"><a href=\"https:\/\/kopint-tarki.hu\/wp-content\/uploads\/2021\/01\/1995_muhelytanulmany_Nr.29.pdf\" data-type=\"URL\" data-id=\"https:\/\/kopint-tarki.hu\/wp-content\/uploads\/2021\/01\/1995_muhelytanulmany_Nr.29.pdf\" target=\"_blank\" rel=\"noreferrer noopener\">No. 29, L\u00e1szl\u00f3 Csaba (1995): Transition and\/or modernisation in Eastern Europe<\/a><\/h2>\n\n\n\n<h2 class=\"publication-m-title wp-block-heading\"><a href=\"https:\/\/kopint-tarki.hu\/wp-content\/uploads\/2021\/01\/1995_muhelytanulmany_Nr.28.pdf\" data-type=\"URL\" data-id=\"https:\/\/kopint-tarki.hu\/wp-content\/uploads\/2021\/01\/1995_muhelytanulmany_Nr.28.pdf\" target=\"_blank\" rel=\"noreferrer noopener\">No. 28, Andr\u00e1s K\u00f6ves (1995): From &#8220;great leaps forward&#8221; to normalcy: some issues in transitional policies in Eastern Europe<\/a><\/h2>\n\n\n\n<h2 class=\"publication-m-title wp-block-heading\"><a href=\"https:\/\/kopint-tarki.hu\/wp-content\/uploads\/2021\/01\/1994_muhelytanulmany_Nr.27.pdf\" data-type=\"URL\" data-id=\"https:\/\/kopint-tarki.hu\/wp-content\/uploads\/2021\/01\/1994_muhelytanulmany_Nr.27.pdf\" target=\"_blank\" rel=\"noreferrer noopener\">No. 27, L\u00e1szl\u00f3 G. T\u00f3th (1994): Trade among the CEFTA contries in the mid-1990s: how to promote the expansion of intra-regional trade flows in Central Europe (special issue)<\/a><\/h2>\n\n\n\n<!--nextpage-->\n\n\n\n<h2 class=\"publication-m-title wp-block-heading\"><a href=\"https:\/\/kopint-tarki.hu\/wp-content\/uploads\/2021\/01\/1994_muhelytanulmany_Nr.26.pdf\" data-type=\"URL\" data-id=\"https:\/\/kopint-tarki.hu\/wp-content\/uploads\/2021\/01\/1994_muhelytanulmany_Nr.26.pdf\" target=\"_blank\" rel=\"noreferrer noopener\">No. 26, L\u00e1szl\u00f3 Antal, Tam\u00e1s T\u00e9t\u00e9nyi (1994): The development of the Hungarian banking system<\/a><\/h2>\n\n\n\n<h2 class=\"publication-m-title wp-block-heading\"><a href=\"https:\/\/kopint-tarki.hu\/wp-content\/uploads\/2021\/01\/1994_muhelytanulmany_Nr.24.pdf\" data-type=\"URL\" data-id=\"https:\/\/kopint-tarki.hu\/wp-content\/uploads\/2021\/01\/1994_muhelytanulmany_Nr.24.pdf\" target=\"_blank\" rel=\"noreferrer noopener\">No. 24, Andr\u00e1s K\u00f6ves, G\u00e1bor Oblath (1994): The regional role of the former Soviet Union and the CMEA: a net assesment<\/a><\/h2>\n\n\n\n<h2 class=\"publication-m-title wp-block-heading\"><a href=\"https:\/\/kopint-tarki.hu\/wp-content\/uploads\/2021\/01\/1994_muhelytanulmany_Nr.23.pdf\" data-type=\"URL\" data-id=\"https:\/\/kopint-tarki.hu\/wp-content\/uploads\/2021\/01\/1994_muhelytanulmany_Nr.23.pdf\" target=\"_blank\" rel=\"noreferrer noopener\">No. 23, Erzs\u00e9bet G\u00e9m (1994): The main features of the present Hungarian tax system<\/a><\/h2>\n\n\n\n<h2 class=\"publication-m-title wp-block-heading\"><a href=\"https:\/\/kopint-tarki.hu\/wp-content\/uploads\/2021\/01\/1994_muhelytanulmany_Nr.22.pdf\" data-type=\"URL\" data-id=\"https:\/\/kopint-tarki.hu\/wp-content\/uploads\/2021\/01\/1994_muhelytanulmany_Nr.22.pdf\" target=\"_blank\" rel=\"noreferrer noopener\">No. 22, L\u00e1szl\u00f3 Csaba (1994): Hungary and the IMF: the experience of a cordial discord<\/a><\/h2>\n\n\n\n<h2 class=\"publication-m-title wp-block-heading\"><a href=\"https:\/\/kopint-tarki.hu\/wp-content\/uploads\/2021\/01\/1994_muhelytanulmany_Nr.21.pdf\" data-type=\"URL\" data-id=\"https:\/\/kopint-tarki.hu\/wp-content\/uploads\/2021\/01\/1994_muhelytanulmany_Nr.21.pdf\" target=\"_blank\" rel=\"noreferrer noopener\">No. 21, Gulshan Sachdeva (1994): Privatization: an interpretative endeavor<\/a><\/h2>\n\n\n\n<h2 class=\"publication-m-title wp-block-heading\"><a href=\"https:\/\/kopint-tarki.hu\/wp-content\/uploads\/2021\/01\/1993_muhelytanulmany_Nr.20.pdf\" data-type=\"URL\" data-id=\"https:\/\/kopint-tarki.hu\/wp-content\/uploads\/2021\/01\/1993_muhelytanulmany_Nr.20.pdf\" target=\"_blank\" rel=\"noreferrer noopener\">No. 20, \u00c1gnes Csermely (1993): The impact of exchange rate policy on the development of industrial competitiveness<\/a><\/h2>\n\n\n\n<h2 class=\"publication-m-title wp-block-heading\"><a href=\"https:\/\/kopint-tarki.hu\/wp-content\/uploads\/2021\/01\/1993_muhelytanulmany_Nr.19.pdf\" data-type=\"URL\" data-id=\"https:\/\/kopint-tarki.hu\/wp-content\/uploads\/2021\/01\/1993_muhelytanulmany_Nr.19.pdf\" target=\"_blank\" rel=\"noreferrer noopener\">No. 19, P\u00e9ter Vince (1993): Stages of state involvement: dilemmas and turningpoints for privatization in Hungary<\/a><\/h2>\n","protected":false},"excerpt":{"rendered":"<p>No. 75, Roz\u00e1lia Bog\u00f3, P\u00e9ter Vakhal (2021): Analysis ot the surveys of the AGE-GAP project No. 74, \u00c9va Pal\u00f3cz, Tam\u00e1s Gebei, P\u00e9ter Vakhal, Zolt\u00e1n Matheika (2020): Study on Factors influencing Hungarian Companies\u2019 innovation capacity No. 73, Katalin Nagy, N\u00f3ra Serf\u0151z\u0151 (2017): Differences of economic development and ways of cooperation in the Slovak-Hungarian cross border region [&hellip;]<\/p>\n","protected":false},"author":2,"featured_media":0,"parent":0,"menu_order":0,"comment_status":"closed","ping_status":"closed","template":"","meta":{"_acf_changed":false,"_coblocks_attr":"","_coblocks_dimensions":"","_coblocks_responsive_height":"","_coblocks_accordion_ie_support":"","footnotes":""},"class_list":["post-785","page","type-page","status-publish","hentry"],"acf":[],"_links":{"self":[{"href":"https:\/\/kopint-tarki.hu\/en\/wp-json\/wp\/v2\/pages\/785","targetHints":{"allow":["GET"]}}],"collection":[{"href":"https:\/\/kopint-tarki.hu\/en\/wp-json\/wp\/v2\/pages"}],"about":[{"href":"https:\/\/kopint-tarki.hu\/en\/wp-json\/wp\/v2\/types\/page"}],"author":[{"embeddable":true,"href":"https:\/\/kopint-tarki.hu\/en\/wp-json\/wp\/v2\/users\/2"}],"replies":[{"embeddable":true,"href":"https:\/\/kopint-tarki.hu\/en\/wp-json\/wp\/v2\/comments?post=785"}],"version-history":[{"count":146,"href":"https:\/\/kopint-tarki.hu\/en\/wp-json\/wp\/v2\/pages\/785\/revisions"}],"predecessor-version":[{"id":3953,"href":"https:\/\/kopint-tarki.hu\/en\/wp-json\/wp\/v2\/pages\/785\/revisions\/3953"}],"wp:attachment":[{"href":"https:\/\/kopint-tarki.hu\/en\/wp-json\/wp\/v2\/media?parent=785"}],"curies":[{"name":"wp","href":"https:\/\/api.w.org\/{rel}","templated":true}]}}